{"id":8,"date":"2025-10-01T17:01:57","date_gmt":"2025-10-01T17:01:57","guid":{"rendered":"https:\/\/hotellatino.misitiolab.com\/?page_id=8"},"modified":"2025-10-16T17:07:25","modified_gmt":"2025-10-16T17:07:25","slug":"inicio","status":"publish","type":"page","link":"https:\/\/hotellatino.misitiolab.com\/","title":{"rendered":"Inicio"},"content":{"rendered":"\t\t<div data-elementor-type=\"wp-page\" data-elementor-id=\"8\" class=\"elementor elementor-8\">\n\t\t\t\t<div class=\"elementor-element elementor-element-79bb5b6e e-con-full e-flex e-con e-parent\" data-id=\"79bb5b6e\" data-element_type=\"container\">\n\t\t\t\t<div class=\"elementor-element elementor-element-2d9148d6 elementor-widget__width-inherit elementor-widget elementor-widget-video\" data-id=\"2d9148d6\" data-element_type=\"widget\" data-settings=\"{&quot;video_type&quot;:&quot;hosted&quot;,&quot;autoplay&quot;:&quot;yes&quot;,&quot;mute&quot;:&quot;yes&quot;,&quot;loop&quot;:&quot;yes&quot;,&quot;play_on_mobile&quot;:&quot;yes&quot;}\" data-widget_type=\"video.default\">\n\t\t\t\t\t\t\t<div class=\"e-hosted-video elementor-wrapper elementor-open-inline\">\n\t\t\t\t\t<video class=\"elementor-video\" src=\"https:\/\/hotellatino.misitiolab.com\/wp-content\/uploads\/2025\/10\/Amarillo-y-Negro-Hacer-Pizza-Receta-Video-de-169-10.mp4\" autoplay=\"\" loop=\"\" muted=\"muted\" playsinline=\"\" controlsList=\"nodownload\"><\/video>\n\t\t\t\t<\/div>\n\t\t\t\t\t\t<\/div>\n\t\t<div class=\"elementor-element elementor-element-538554a4 e-con-full e-flex e-con e-child\" data-id=\"538554a4\" data-element_type=\"container\">\n\t\t\t\t<div class=\"elementor-element elementor-element-310fec2d elementor-widget__width-inherit elementor-widget elementor-widget-image\" data-id=\"310fec2d\" data-element_type=\"widget\" data-widget_type=\"image.default\">\n\t\t\t\t\t\t\t\t\t\t\t\t\t\t\t<img fetchpriority=\"high\" decoding=\"async\" width=\"1545\" height=\"2000\" src=\"https:\/\/hotellatino.misitiolab.com\/wp-content\/uploads\/2025\/10\/4-5.png\" class=\"attachment-2048x2048 size-2048x2048 wp-image-120\" alt=\"\" srcset=\"https:\/\/hotellatino.misitiolab.com\/wp-content\/uploads\/2025\/10\/4-5.png 1545w, https:\/\/hotellatino.misitiolab.com\/wp-content\/uploads\/2025\/10\/4-5-232x300.png 232w, https:\/\/hotellatino.misitiolab.com\/wp-content\/uploads\/2025\/10\/4-5-791x1024.png 791w, https:\/\/hotellatino.misitiolab.com\/wp-content\/uploads\/2025\/10\/4-5-768x994.png 768w, https:\/\/hotellatino.misitiolab.com\/wp-content\/uploads\/2025\/10\/4-5-1187x1536.png 1187w\" sizes=\"(max-width: 1545px) 100vw, 1545px\" \/>\t\t\t\t\t\t\t\t\t\t\t\t\t\t\t<\/div>\n\t\t\t\t<div class=\"elementor-element elementor-element-88a1f06 elementor-widget__width-inherit elementor-widget elementor-widget-image\" data-id=\"88a1f06\" data-element_type=\"widget\" data-widget_type=\"image.default\">\n\t\t\t\t\t\t\t\t\t\t\t\t\t\t\t<img decoding=\"async\" width=\"1545\" height=\"2000\" src=\"https:\/\/hotellatino.misitiolab.com\/wp-content\/uploads\/2025\/10\/5-5.png\" class=\"attachment-2048x2048 size-2048x2048 wp-image-122\" alt=\"\" srcset=\"https:\/\/hotellatino.misitiolab.com\/wp-content\/uploads\/2025\/10\/5-5.png 1545w, https:\/\/hotellatino.misitiolab.com\/wp-content\/uploads\/2025\/10\/5-5-232x300.png 232w, https:\/\/hotellatino.misitiolab.com\/wp-content\/uploads\/2025\/10\/5-5-791x1024.png 791w, https:\/\/hotellatino.misitiolab.com\/wp-content\/uploads\/2025\/10\/5-5-768x994.png 768w, https:\/\/hotellatino.misitiolab.com\/wp-content\/uploads\/2025\/10\/5-5-1187x1536.png 1187w\" sizes=\"(max-width: 1545px) 100vw, 1545px\" \/>\t\t\t\t\t\t\t\t\t\t\t\t\t\t\t<\/div>\n\t\t\t\t<div class=\"elementor-element elementor-element-6dc1411 elementor-widget__width-inherit elementor-widget elementor-widget-image\" data-id=\"6dc1411\" data-element_type=\"widget\" data-widget_type=\"image.default\">\n\t\t\t\t\t\t\t\t\t\t\t\t\t\t\t<img decoding=\"async\" width=\"1545\" height=\"2000\" src=\"https:\/\/hotellatino.misitiolab.com\/wp-content\/uploads\/2025\/10\/6-4.png\" class=\"attachment-2048x2048 size-2048x2048 wp-image-109\" alt=\"\" srcset=\"https:\/\/hotellatino.misitiolab.com\/wp-content\/uploads\/2025\/10\/6-4.png 1545w, https:\/\/hotellatino.misitiolab.com\/wp-content\/uploads\/2025\/10\/6-4-232x300.png 232w, https:\/\/hotellatino.misitiolab.com\/wp-content\/uploads\/2025\/10\/6-4-791x1024.png 791w, https:\/\/hotellatino.misitiolab.com\/wp-content\/uploads\/2025\/10\/6-4-768x994.png 768w, https:\/\/hotellatino.misitiolab.com\/wp-content\/uploads\/2025\/10\/6-4-1187x1536.png 1187w\" sizes=\"(max-width: 1545px) 100vw, 1545px\" \/>\t\t\t\t\t\t\t\t\t\t\t\t\t\t\t<\/div>\n\t\t\t\t<div class=\"elementor-element elementor-element-72de22f elementor-widget__width-inherit elementor-widget elementor-widget-image\" data-id=\"72de22f\" data-element_type=\"widget\" data-widget_type=\"image.default\">\n\t\t\t\t\t\t\t\t\t\t\t\t\t\t\t<img loading=\"lazy\" decoding=\"async\" width=\"1545\" height=\"2000\" src=\"https:\/\/hotellatino.misitiolab.com\/wp-content\/uploads\/2025\/10\/7-4.png\" class=\"attachment-2048x2048 size-2048x2048 wp-image-121\" alt=\"\" srcset=\"https:\/\/hotellatino.misitiolab.com\/wp-content\/uploads\/2025\/10\/7-4.png 1545w, https:\/\/hotellatino.misitiolab.com\/wp-content\/uploads\/2025\/10\/7-4-232x300.png 232w, https:\/\/hotellatino.misitiolab.com\/wp-content\/uploads\/2025\/10\/7-4-791x1024.png 791w, https:\/\/hotellatino.misitiolab.com\/wp-content\/uploads\/2025\/10\/7-4-768x994.png 768w, https:\/\/hotellatino.misitiolab.com\/wp-content\/uploads\/2025\/10\/7-4-1187x1536.png 1187w\" sizes=\"(max-width: 1545px) 100vw, 1545px\" \/>\t\t\t\t\t\t\t\t\t\t\t\t\t\t\t<\/div>\n\t\t\t\t<\/div>\n\t\t\t\t<\/div>\n\t\t\t\t<section class=\"elementor-section elementor-top-section elementor-element elementor-element-2238eece elementor-section-full_width elementor-section-height-default elementor-section-height-default\" data-id=\"2238eece\" data-element_type=\"section\" data-settings=\"{&quot;background_background&quot;:&quot;classic&quot;}\">\n\t\t\t\t\t\t<div class=\"elementor-container elementor-column-gap-no\">\n\t\t\t\t\t<div class=\"elementor-column elementor-col-100 elementor-top-column elementor-element elementor-element-7ee0ead0\" data-id=\"7ee0ead0\" data-element_type=\"column\" data-settings=\"{&quot;background_background&quot;:&quot;classic&quot;}\">\n\t\t\t<div class=\"elementor-widget-wrap elementor-element-populated\">\n\t\t\t\t\t\t<div class=\"elementor-element elementor-element-4e1cb5fc elementor-widget elementor-widget-google_maps\" data-id=\"4e1cb5fc\" data-element_type=\"widget\" data-widget_type=\"google_maps.default\">\n\t\t\t\t\t\t\t<div class=\"elementor-custom-embed\">\n\t\t\t<iframe loading=\"lazy\"\n\t\t\t\t\tsrc=\"https:\/\/maps.google.com\/maps?q=Nezahualc%C3%B3yotl%20esq.%20201%20de%20Noviembre%20Cuauht%C3%A9moc%2C%20Cjon.%20Flamencos%2018%2C%20Centro%2C%20Cuauht%C3%A9moc%2C%2006000%20Ciudad%20de%20M%C3%A9xico%2C%20CDMX&#038;t=m&#038;z=12&#038;output=embed&#038;iwloc=near\"\n\t\t\t\t\ttitle=\"Nezahualc\u00f3yotl esq. 201 de Noviembre Cuauht\u00e9moc, Cjon. Flamencos 18, Centro, Cuauht\u00e9moc, 06000 Ciudad de M\u00e9xico, CDMX\"\n\t\t\t\t\taria-label=\"Nezahualc\u00f3yotl esq. 201 de Noviembre Cuauht\u00e9moc, Cjon. Flamencos 18, Centro, Cuauht\u00e9moc, 06000 Ciudad de M\u00e9xico, CDMX\"\n\t\t\t><\/iframe>\n\t\t<\/div>\n\t\t\t\t\t\t<\/div>\n\t\t\t\t\t<\/div>\n\t\t<\/div>\n\t\t\t\t\t<\/div>\n\t\t<\/section>\n\t\t\t\t<section class=\"elementor-section elementor-top-section elementor-element elementor-element-2fd7d732 elementor-section-boxed elementor-section-height-default elementor-section-height-default\" data-id=\"2fd7d732\" data-element_type=\"section\">\n\t\t\t\t\t\t<div class=\"elementor-container elementor-column-gap-extended\">\n\t\t\t\t\t<div class=\"elementor-column elementor-col-50 elementor-top-column elementor-element elementor-element-c33b979\" data-id=\"c33b979\" data-element_type=\"column\">\n\t\t\t<div class=\"elementor-widget-wrap elementor-element-populated\">\n\t\t\t\t\t\t<section class=\"elementor-section elementor-inner-section elementor-element elementor-element-3f2ad980 elementor-section-content-middle elementor-section-boxed elementor-section-height-default elementor-section-height-default\" data-id=\"3f2ad980\" data-element_type=\"section\">\n\t\t\t\t\t\t<div class=\"elementor-container elementor-column-gap-default\">\n\t\t\t\t\t<div class=\"elementor-column elementor-col-50 elementor-inner-column elementor-element elementor-element-30c7607f\" data-id=\"30c7607f\" data-element_type=\"column\" data-settings=\"{&quot;background_background&quot;:&quot;classic&quot;}\">\n\t\t\t<div class=\"elementor-widget-wrap elementor-element-populated\">\n\t\t\t\t\t<div class=\"elementor-background-overlay\"><\/div>\n\t\t\t\t\t\t<div class=\"elementor-element elementor-element-793df298 elementor-view-default elementor-widget elementor-widget-icon\" data-id=\"793df298\" data-element_type=\"widget\" data-widget_type=\"icon.default\">\n\t\t\t\t\t\t\t<div class=\"elementor-icon-wrapper\">\n\t\t\t<div class=\"elementor-icon\">\n\t\t\t<svg aria-hidden=\"true\" class=\"e-font-icon-svg e-fas-map-marker-alt\" viewBox=\"0 0 384 512\" xmlns=\"http:\/\/www.w3.org\/2000\/svg\"><path d=\"M172.268 501.67C26.97 291.031 0 269.413 0 192 0 85.961 85.961 0 192 0s192 85.961 192 192c0 77.413-26.97 99.031-172.268 309.67-9.535 13.774-29.93 13.773-39.464 0zM192 272c44.183 0 80-35.817 80-80s-35.817-80-80-80-80 35.817-80 80 35.817 80 80 80z\"><\/path><\/svg>\t\t\t<\/div>\n\t\t<\/div>\n\t\t\t\t\t\t<\/div>\n\t\t\t\t\t<\/div>\n\t\t<\/div>\n\t\t\t\t<div class=\"elementor-column elementor-col-50 elementor-inner-column elementor-element elementor-element-7668ac1f\" data-id=\"7668ac1f\" data-element_type=\"column\" data-settings=\"{&quot;background_background&quot;:&quot;classic&quot;}\">\n\t\t\t<div class=\"elementor-widget-wrap elementor-element-populated\">\n\t\t\t\t\t\t<div class=\"elementor-element elementor-element-78ba1f39 elementor-widget elementor-widget-heading\" data-id=\"78ba1f39\" data-element_type=\"widget\" data-widget_type=\"heading.default\">\n\t\t\t\t\t<h4 class=\"elementor-heading-title elementor-size-default\">SUCURSAL MATRIZ<\/h4>\t\t\t\t<\/div>\n\t\t\t\t<div class=\"elementor-element elementor-element-3282626e elementor-widget-divider--view-line elementor-widget elementor-widget-divider\" data-id=\"3282626e\" data-element_type=\"widget\" data-widget_type=\"divider.default\">\n\t\t\t\t\t\t\t<div class=\"elementor-divider\">\n\t\t\t<span class=\"elementor-divider-separator\">\n\t\t\t\t\t\t<\/span>\n\t\t<\/div>\n\t\t\t\t\t\t<\/div>\n\t\t\t\t<div class=\"elementor-element elementor-element-4cd4bfcd elementor-widget elementor-widget-text-editor\" data-id=\"4cd4bfcd\" data-element_type=\"widget\" data-widget_type=\"text-editor.default\">\n\t\t\t\t\t\t\t\t\t<p>Nezahualc\u00f3yotl esq. 201 de Noviembre Cuauht\u00e9moc, Cjon. Flamencos 18, Centro, Cuauht\u00e9moc, 06000 Ciudad de M\u00e9xico, CDMX<\/p>\t\t\t\t\t\t\t\t<\/div>\n\t\t\t\t<div class=\"elementor-element elementor-element-a064d30 elementor-widget elementor-widget-heading\" data-id=\"a064d30\" data-element_type=\"widget\" data-widget_type=\"heading.default\">\n\t\t\t\t\t<div class=\"elementor-heading-title elementor-size-default\">Ir a la ubicaci\u00f3n&gt;<\/div>\t\t\t\t<\/div>\n\t\t\t\t\t<\/div>\n\t\t<\/div>\n\t\t\t\t\t<\/div>\n\t\t<\/section>\n\t\t\t\t\t<\/div>\n\t\t<\/div>\n\t\t\t\t<div class=\"elementor-column elementor-col-50 elementor-top-column elementor-element elementor-element-5fc1233f\" data-id=\"5fc1233f\" data-element_type=\"column\">\n\t\t\t<div class=\"elementor-widget-wrap\">\n\t\t\t\t\t\t\t<\/div>\n\t\t<\/div>\n\t\t\t\t\t<\/div>\n\t\t<\/section>\n\t\t<div class=\"elementor-element elementor-element-5eb50cdf e-flex e-con-boxed e-con e-parent\" data-id=\"5eb50cdf\" data-element_type=\"container\" data-settings=\"{&quot;background_background&quot;:&quot;classic&quot;}\">\n\t\t\t\t\t<div class=\"e-con-inner\">\n\t\t<div class=\"elementor-element elementor-element-25a746ea e-grid e-con-boxed e-con e-child\" data-id=\"25a746ea\" data-element_type=\"container\">\n\t\t\t\t\t<div class=\"e-con-inner\">\n\t\t\t\t<div class=\"elementor-element elementor-element-4d7efefa elementor-shape-rounded elementor-grid-0 e-grid-align-center elementor-widget elementor-widget-social-icons\" data-id=\"4d7efefa\" data-element_type=\"widget\" data-widget_type=\"social-icons.default\">\n\t\t\t\t\t\t\t<div class=\"elementor-social-icons-wrapper elementor-grid\">\n\t\t\t\t\t\t\t<span class=\"elementor-grid-item\">\n\t\t\t\t\t<a class=\"elementor-icon elementor-social-icon elementor-social-icon-facebook elementor-repeater-item-52e098f\" target=\"_blank\">\n\t\t\t\t\t\t<span class=\"elementor-screen-only\">Facebook<\/span>\n\t\t\t\t\t\t<svg aria-hidden=\"true\" class=\"e-font-icon-svg e-fab-facebook\" viewBox=\"0 0 512 512\" xmlns=\"http:\/\/www.w3.org\/2000\/svg\"><path d=\"M504 256C504 119 393 8 256 8S8 119 8 256c0 123.78 90.69 226.38 209.25 245V327.69h-63V256h63v-54.64c0-62.15 37-96.48 93.67-96.48 27.14 0 55.52 4.84 55.52 4.84v61h-31.28c-30.8 0-40.41 19.12-40.41 38.73V256h68.78l-11 71.69h-57.78V501C413.31 482.38 504 379.78 504 256z\"><\/path><\/svg>\t\t\t\t\t<\/a>\n\t\t\t\t<\/span>\n\t\t\t\t\t<\/div>\n\t\t\t\t\t\t<\/div>\n\t\t\t\t<div class=\"elementor-element elementor-element-55d6f73b elementor-widget elementor-widget-text-editor\" data-id=\"55d6f73b\" data-element_type=\"widget\" data-widget_type=\"text-editor.default\">\n\t\t\t\t\t\t\t\t\t<p>ABIERTO 24 HORAS, LOS 365 D\u00cdAS DEL A\u00d1O<\/p>\t\t\t\t\t\t\t\t<\/div>\n\t\t\t\t<div class=\"elementor-element elementor-element-f5844db elementor-widget elementor-widget-image\" data-id=\"f5844db\" data-element_type=\"widget\" data-widget_type=\"image.default\">\n\t\t\t\t\t\t\t\t\t\t\t\t\t\t\t<img loading=\"lazy\" decoding=\"async\" width=\"500\" height=\"500\" src=\"https:\/\/hotellatino.misitiolab.com\/wp-content\/uploads\/2025\/10\/chilaquiero-7.png\" class=\"attachment-large size-large wp-image-126\" alt=\"\" srcset=\"https:\/\/hotellatino.misitiolab.com\/wp-content\/uploads\/2025\/10\/chilaquiero-7.png 500w, https:\/\/hotellatino.misitiolab.com\/wp-content\/uploads\/2025\/10\/chilaquiero-7-300x300.png 300w, https:\/\/hotellatino.misitiolab.com\/wp-content\/uploads\/2025\/10\/chilaquiero-7-150x150.png 150w\" sizes=\"(max-width: 500px) 100vw, 500px\" \/>\t\t\t\t\t\t\t\t\t\t\t\t\t\t\t<\/div>\n\t\t\t\t\t<\/div>\n\t\t\t\t<\/div>\n\t\t\t\t\t<\/div>\n\t\t\t\t<\/div>\n\t\t\t\t<\/div>\n\t\t","protected":false},"excerpt":{"rendered":"<p>https:\/\/hotellatino.misitiolab.com\/wp-content\/uploads\/2025\/10\/Amarillo-y-Negro-Hacer-Pizza-Receta-Video-de-169-10.mp4 SUCURSAL MATRIZ Nezahualc\u00f3yotl esq. 201 de Noviembre Cuauht\u00e9moc, Cjon. Flamencos 18, Centro, Cuauht\u00e9moc, 06000 Ciudad de M\u00e9xico, CDMX Ir [&hellip;]<\/p>\n","protected":false},"author":1,"featured_media":0,"parent":0,"menu_order":0,"comment_status":"closed","ping_status":"closed","template":"elementor_canvas","meta":{"site-sidebar-layout":"no-sidebar","site-content-layout":"plain-container","ast-site-content-layout":"full-width-container","site-content-style":"default","site-sidebar-style":"default","ast-global-header-display":"","ast-banner-title-visibility":"","ast-main-header-display":"","ast-hfb-above-header-display":"","ast-hfb-below-header-display":"","ast-hfb-mobile-header-display":"","site-post-title":"","ast-breadcrumbs-content":"","ast-featured-img":"disabled","footer-sml-layout":"","theme-transparent-header-meta":"enabled","adv-header-id-meta":"","stick-header-meta":"","header-above-stick-meta":"","header-main-stick-meta":"","header-below-stick-meta":"","astra-migrate-meta-layouts":"default","ast-page-background-enabled":"default","ast-page-background-meta":{"desktop":{"background-color":"var(--ast-global-color-5)","background-image":"","background-repeat":"repeat","background-position":"center center","background-size":"auto","background-attachment":"scroll","background-type":"","background-media":"","overlay-type":"","overlay-color":"","overlay-opacity":"","overlay-gradient":""},"tablet":{"background-color":"","background-image":"","background-repeat":"repeat","background-position":"center center","background-size":"auto","background-attachment":"scroll","background-type":"","background-media":"","overlay-type":"","overlay-color":"","overlay-opacity":"","overlay-gradient":""},"mobile":{"background-color":"","background-image":"","background-repeat":"repeat","background-position":"center center","background-size":"auto","background-attachment":"scroll","background-type":"","background-media":"","overlay-type":"","overlay-color":"","overlay-opacity":"","overlay-gradient":""}},"ast-content-background-meta":{"desktop":{"background-color":"var(--ast-global-color-4)","background-image":"","background-repeat":"repeat","background-position":"center center","background-size":"auto","background-attachment":"scroll","background-type":"","background-media":"","overlay-type":"","overlay-color":"","overlay-opacity":"","overlay-gradient":""},"tablet":{"background-color":"var(--ast-global-color-4)","background-image":"","background-repeat":"repeat","background-position":"center center","background-size":"auto","background-attachment":"scroll","background-type":"","background-media":"","overlay-type":"","overlay-color":"","overlay-opacity":"","overlay-gradient":""},"mobile":{"background-color":"var(--ast-global-color-4)","background-image":"","background-repeat":"repeat","background-position":"center center","background-size":"auto","background-attachment":"scroll","background-type":"","background-media":"","overlay-type":"","overlay-color":"","overlay-opacity":"","overlay-gradient":""}},"footnotes":""},"class_list":["post-8","page","type-page","status-publish","hentry"],"yoast_head":"<!-- This site is optimized with the Yoast SEO plugin v26.0 - https:\/\/yoast.com\/wordpress\/plugins\/seo\/ -->\n<title>Inicio - hotellatino<\/title>\n<meta name=\"robots\" content=\"index, follow, max-snippet:-1, max-image-preview:large, max-video-preview:-1\" \/>\n<link rel=\"canonical\" href=\"https:\/\/hotellatino.misitiolab.com\/\" \/>\n<meta property=\"og:locale\" content=\"es_MX\" \/>\n<meta property=\"og:type\" content=\"article\" \/>\n<meta property=\"og:title\" content=\"Inicio - hotellatino\" \/>\n<meta property=\"og:description\" content=\"https:\/\/hotellatino.misitiolab.com\/wp-content\/uploads\/2025\/10\/Amarillo-y-Negro-Hacer-Pizza-Receta-Video-de-169-10.mp4 SUCURSAL MATRIZ Nezahualc\u00f3yotl esq. 201 de Noviembre Cuauht\u00e9moc, Cjon. Flamencos 18, Centro, Cuauht\u00e9moc, 06000 Ciudad de M\u00e9xico, CDMX Ir [&hellip;]\" \/>\n<meta property=\"og:url\" content=\"https:\/\/hotellatino.misitiolab.com\/\" \/>\n<meta property=\"og:site_name\" content=\"hotellatino\" \/>\n<meta property=\"article:modified_time\" content=\"2025-10-16T17:07:25+00:00\" \/>\n<meta property=\"og:image\" content=\"https:\/\/hotellatino.misitiolab.com\/wp-content\/uploads\/2025\/10\/4-5.png\" \/>\n\t<meta property=\"og:image:width\" content=\"1545\" \/>\n\t<meta property=\"og:image:height\" content=\"2000\" \/>\n\t<meta property=\"og:image:type\" content=\"image\/png\" \/>\n<meta name=\"twitter:card\" content=\"summary_large_image\" \/>\n<meta name=\"twitter:label1\" content=\"Tiempo de lectura\" \/>\n\t<meta name=\"twitter:data1\" content=\"1 minuto\" \/>\n<script type=\"application\/ld+json\" class=\"yoast-schema-graph\">{\"@context\":\"https:\/\/schema.org\",\"@graph\":[{\"@type\":\"WebPage\",\"@id\":\"https:\/\/hotellatino.misitiolab.com\/\",\"url\":\"https:\/\/hotellatino.misitiolab.com\/\",\"name\":\"Inicio - hotellatino\",\"isPartOf\":{\"@id\":\"https:\/\/hotellatino.misitiolab.com\/#website\"},\"primaryImageOfPage\":{\"@id\":\"https:\/\/hotellatino.misitiolab.com\/#primaryimage\"},\"image\":{\"@id\":\"https:\/\/hotellatino.misitiolab.com\/#primaryimage\"},\"thumbnailUrl\":\"https:\/\/hotellatino.misitiolab.com\/wp-content\/uploads\/2025\/10\/4-5.png\",\"datePublished\":\"2025-10-01T17:01:57+00:00\",\"dateModified\":\"2025-10-16T17:07:25+00:00\",\"breadcrumb\":{\"@id\":\"https:\/\/hotellatino.misitiolab.com\/#breadcrumb\"},\"inLanguage\":\"es\",\"potentialAction\":[{\"@type\":\"ReadAction\",\"target\":[\"https:\/\/hotellatino.misitiolab.com\/\"]}]},{\"@type\":\"ImageObject\",\"inLanguage\":\"es\",\"@id\":\"https:\/\/hotellatino.misitiolab.com\/#primaryimage\",\"url\":\"https:\/\/hotellatino.misitiolab.com\/wp-content\/uploads\/2025\/10\/4-5.png\",\"contentUrl\":\"https:\/\/hotellatino.misitiolab.com\/wp-content\/uploads\/2025\/10\/4-5.png\",\"width\":1545,\"height\":2000},{\"@type\":\"BreadcrumbList\",\"@id\":\"https:\/\/hotellatino.misitiolab.com\/#breadcrumb\",\"itemListElement\":[{\"@type\":\"ListItem\",\"position\":1,\"name\":\"Inicio\",\"item\":\"https:\/\/hotellatino.misitiolab.com\/\"},{\"@type\":\"ListItem\",\"position\":2,\"name\":\"Inicio\"}]},{\"@type\":\"WebSite\",\"@id\":\"https:\/\/hotellatino.misitiolab.com\/#website\",\"url\":\"https:\/\/hotellatino.misitiolab.com\/\",\"name\":\"hotellatino\",\"description\":\"\",\"publisher\":{\"@id\":\"https:\/\/hotellatino.misitiolab.com\/#organization\"},\"potentialAction\":[{\"@type\":\"SearchAction\",\"target\":{\"@type\":\"EntryPoint\",\"urlTemplate\":\"https:\/\/hotellatino.misitiolab.com\/?s={search_term_string}\"},\"query-input\":{\"@type\":\"PropertyValueSpecification\",\"valueRequired\":true,\"valueName\":\"search_term_string\"}}],\"inLanguage\":\"es\"},{\"@type\":\"Organization\",\"@id\":\"https:\/\/hotellatino.misitiolab.com\/#organization\",\"name\":\"hotellatino\",\"url\":\"https:\/\/hotellatino.misitiolab.com\/\",\"logo\":{\"@type\":\"ImageObject\",\"inLanguage\":\"es\",\"@id\":\"https:\/\/hotellatino.misitiolab.com\/#\/schema\/logo\/image\/\",\"url\":\"https:\/\/hotellatino.misitiolab.com\/wp-content\/uploads\/2025\/10\/logo.png\",\"contentUrl\":\"https:\/\/hotellatino.misitiolab.com\/wp-content\/uploads\/2025\/10\/logo.png\",\"width\":156,\"height\":40,\"caption\":\"hotellatino\"},\"image\":{\"@id\":\"https:\/\/hotellatino.misitiolab.com\/#\/schema\/logo\/image\/\"}}]}<\/script>\n<!-- \/ Yoast SEO plugin. -->","yoast_head_json":{"title":"Inicio - hotellatino","robots":{"index":"index","follow":"follow","max-snippet":"max-snippet:-1","max-image-preview":"max-image-preview:large","max-video-preview":"max-video-preview:-1"},"canonical":"https:\/\/hotellatino.misitiolab.com\/","og_locale":"es_MX","og_type":"article","og_title":"Inicio - hotellatino","og_description":"https:\/\/hotellatino.misitiolab.com\/wp-content\/uploads\/2025\/10\/Amarillo-y-Negro-Hacer-Pizza-Receta-Video-de-169-10.mp4 SUCURSAL MATRIZ Nezahualc\u00f3yotl esq. 201 de Noviembre Cuauht\u00e9moc, Cjon. Flamencos 18, Centro, Cuauht\u00e9moc, 06000 Ciudad de M\u00e9xico, CDMX Ir [&hellip;]","og_url":"https:\/\/hotellatino.misitiolab.com\/","og_site_name":"hotellatino","article_modified_time":"2025-10-16T17:07:25+00:00","og_image":[{"width":1545,"height":2000,"url":"https:\/\/hotellatino.misitiolab.com\/wp-content\/uploads\/2025\/10\/4-5.png","type":"image\/png"}],"twitter_card":"summary_large_image","twitter_misc":{"Tiempo de lectura":"1 minuto"},"schema":{"@context":"https:\/\/schema.org","@graph":[{"@type":"WebPage","@id":"https:\/\/hotellatino.misitiolab.com\/","url":"https:\/\/hotellatino.misitiolab.com\/","name":"Inicio - hotellatino","isPartOf":{"@id":"https:\/\/hotellatino.misitiolab.com\/#website"},"primaryImageOfPage":{"@id":"https:\/\/hotellatino.misitiolab.com\/#primaryimage"},"image":{"@id":"https:\/\/hotellatino.misitiolab.com\/#primaryimage"},"thumbnailUrl":"https:\/\/hotellatino.misitiolab.com\/wp-content\/uploads\/2025\/10\/4-5.png","datePublished":"2025-10-01T17:01:57+00:00","dateModified":"2025-10-16T17:07:25+00:00","breadcrumb":{"@id":"https:\/\/hotellatino.misitiolab.com\/#breadcrumb"},"inLanguage":"es","potentialAction":[{"@type":"ReadAction","target":["https:\/\/hotellatino.misitiolab.com\/"]}]},{"@type":"ImageObject","inLanguage":"es","@id":"https:\/\/hotellatino.misitiolab.com\/#primaryimage","url":"https:\/\/hotellatino.misitiolab.com\/wp-content\/uploads\/2025\/10\/4-5.png","contentUrl":"https:\/\/hotellatino.misitiolab.com\/wp-content\/uploads\/2025\/10\/4-5.png","width":1545,"height":2000},{"@type":"BreadcrumbList","@id":"https:\/\/hotellatino.misitiolab.com\/#breadcrumb","itemListElement":[{"@type":"ListItem","position":1,"name":"Inicio","item":"https:\/\/hotellatino.misitiolab.com\/"},{"@type":"ListItem","position":2,"name":"Inicio"}]},{"@type":"WebSite","@id":"https:\/\/hotellatino.misitiolab.com\/#website","url":"https:\/\/hotellatino.misitiolab.com\/","name":"hotellatino","description":"","publisher":{"@id":"https:\/\/hotellatino.misitiolab.com\/#organization"},"potentialAction":[{"@type":"SearchAction","target":{"@type":"EntryPoint","urlTemplate":"https:\/\/hotellatino.misitiolab.com\/?s={search_term_string}"},"query-input":{"@type":"PropertyValueSpecification","valueRequired":true,"valueName":"search_term_string"}}],"inLanguage":"es"},{"@type":"Organization","@id":"https:\/\/hotellatino.misitiolab.com\/#organization","name":"hotellatino","url":"https:\/\/hotellatino.misitiolab.com\/","logo":{"@type":"ImageObject","inLanguage":"es","@id":"https:\/\/hotellatino.misitiolab.com\/#\/schema\/logo\/image\/","url":"https:\/\/hotellatino.misitiolab.com\/wp-content\/uploads\/2025\/10\/logo.png","contentUrl":"https:\/\/hotellatino.misitiolab.com\/wp-content\/uploads\/2025\/10\/logo.png","width":156,"height":40,"caption":"hotellatino"},"image":{"@id":"https:\/\/hotellatino.misitiolab.com\/#\/schema\/logo\/image\/"}}]}},"_links":{"self":[{"href":"https:\/\/hotellatino.misitiolab.com\/index.php\/wp-json\/wp\/v2\/pages\/8","targetHints":{"allow":["GET"]}}],"collection":[{"href":"https:\/\/hotellatino.misitiolab.com\/index.php\/wp-json\/wp\/v2\/pages"}],"about":[{"href":"https:\/\/hotellatino.misitiolab.com\/index.php\/wp-json\/wp\/v2\/types\/page"}],"author":[{"embeddable":true,"href":"https:\/\/hotellatino.misitiolab.com\/index.php\/wp-json\/wp\/v2\/users\/1"}],"replies":[{"embeddable":true,"href":"https:\/\/hotellatino.misitiolab.com\/index.php\/wp-json\/wp\/v2\/comments?post=8"}],"version-history":[{"count":68,"href":"https:\/\/hotellatino.misitiolab.com\/index.php\/wp-json\/wp\/v2\/pages\/8\/revisions"}],"predecessor-version":[{"id":129,"href":"https:\/\/hotellatino.misitiolab.com\/index.php\/wp-json\/wp\/v2\/pages\/8\/revisions\/129"}],"wp:attachment":[{"href":"https:\/\/hotellatino.misitiolab.com\/index.php\/wp-json\/wp\/v2\/media?parent=8"}],"curies":[{"name":"wp","href":"https:\/\/api.w.org\/{rel}","templated":true}]}}